{"id":1577,"date":"2025-05-14T09:36:33","date_gmt":"2025-05-14T09:36:33","guid":{"rendered":"https:\/\/clever-hodgkin.185-18-32-8.plesk.page\/?page_id=1577"},"modified":"2026-02-09T12:17:55","modified_gmt":"2026-02-09T12:17:55","slug":"demo","status":"publish","type":"page","link":"http:\/\/bladesoffire.com\/it\/demo\/","title":{"rendered":""},"content":{"rendered":"<p style=\"text-align: center;\"><strong>TI DIAMO IL BENVENUTO NELLA DEMO DI BLADES OF FIRE<\/strong><br \/>\nDi seguito troverai tutto ci\u00f2 che devi sapere prima di iniziare il tuo viaggio!<\/p>\n<p>&nbsp;<\/p>\n<p style=\"text-align: left;\"><strong>COS'\u00c8 INCLUSO NELLA DEMO?<\/strong><br \/>\nLa demo di Blades of Fire si svolge nelle fasi iniziali del gioco e ti permette di forgiare le tue prime armi, sperimentare l'originale sistema di combattimento, affrontare un grosso troll e scoprire di pi\u00f9 sul viaggio di Aran.\n\nRicorda, questa \u00e8 una demo e in quanto tale rappresenta a malapena la punta dell'iceberg di ci\u00f2 che Blades of Fire ha da offrire.\n\nC'\u00e8 molto altro da scoprire!<\/p>\n<p style=\"text-align: left;\">Ricorda, questa \u00e8 una demo e in quanto tale rappresenta a malapena la punta dell'iceberg di ci\u00f2 che Blades of Fire ha da offrire.<\/p>\n<p style=\"text-align: left;\">C'\u00e8 molto altro da scoprire!<\/p>\n<p class=\"translation-block\"><strong>LA DEMO DI STEAM INCLUDE ALCUNE FUNZIONALIT\u00c0 DEL PROSSIMO AGGIORNAMENTO 2.0?<\/strong><br>\nS\u00ec, la demo di Steam includer\u00e0 le seguenti funzionalit\u00e0 della versione 2.0:<br>\n\u2013 Titanio: nuova difficolt\u00e0 aggiuntiva<br>\n\u2013 Trasmutazione: nuova opzione che offre maggiore libert\u00e0 nella gestione dell\u2019economia delle risorse del giocatore<br>\n\u2013 Nuova scena cinematica nel prologo<br>\n\u2013 Miglioramenti all\u2019UX in vari menu, come riparazione rapida, trasmutazione\u2026<br>\n\u2013 Rimappatura per tastiera e mouse<br>\n\u2013 Supporto per Steam Deck<br>\n\u2013 Ulteriori rifiniture e correzioni di bug<\/p>\n<p style=\"text-align: left;\"><strong>QUANTO \u00c8 DEFINITIVA LA DEMO?<\/strong><br \/>\nLa demo rappresenta la versione finale del gioco.<\/p>\n<p style=\"text-align: left;\"><strong>QUANDO SAR\u00c0 DISPONIBILE LA DEMO?<\/strong><br \/>\nDa oggi.<\/p>\n<p style=\"text-align: left;\"><strong>LA DEMO \u00c8 GRATUITA?<\/strong><br \/>\nS\u00ec.<\/p>\n<p style=\"text-align: left;\"><strong>HO BISOGNO DI UN QUALCHE TIPO DI ABBONAMENTO PER POTER GIOCARE?<\/strong><br \/>\nNo. Tuttavia, in Germania e Giappone, gli utenti PlayStation devono essere abbonati a uno dei livelli di PlayStation\u00aePlus per poter acquistare o scaricare la demo, il che richiede una tariffa nominale.<\/p>\n<p style=\"text-align: left;\"><strong>SU QUALI PIATTAFORME \u00c8 DISPONIBILE LA DEMO?<\/strong><br \/>\nSu Steam, Epic Games Store, PlayStation 5 e Xbox Series X|S.<\/p>\n<p style=\"text-align: left;\"><strong>SAR\u00c0 POSSIBILE TRASFERIRE MIEI PROGRESSI NEL GIOCO COMPLETO?<\/strong><br \/>\nS\u00cc. I progressi compiuti nella demo, cosi come i materiali raccolti, potranno essere trasferiti nel gioco completo tramite il tuo file di salvataggio.<\/p>\n<p style=\"text-align: left;\"><strong>QUANTO DURA LA DEMO?<\/strong><br \/>\nDipende dal tuo stile di gioco e da quanto ami esplorare. Qualcuno potrebbe completarla in un'ora, altri potrebbero impiegarne tre o pi\u00f9.<\/p>\n<p style=\"text-align: left;\"><strong>IN QUALI LINGUE SAR\u00c0 DISPONIBILE LA DEMO?<\/strong><br \/>\nAudio: inglese.<br \/>\nTesto: inglese, francese, italiano, tedesco, spagnolo (Spagna), cinese (Semplificato), cinese (Tradizionale), giapponese, coreano, portoghese (Brasile), russo.<\/p>\n<p style=\"text-align: left;\"><strong>\u00c8 NECESSARIA UNA CONNESSIONE INTERNET PER GIOCARE ALLA DEMO?<\/strong><br \/>\nUna volta scaricata la demo di Blades of Fire, non sar\u00e0 richiesta una connessione a Internet per giocarci. Questo varr\u00e0 anche per il gioco completo che sar\u00e0 disponibile dal 22 maggio.<\/p>\n<p style=\"text-align: left;\"><strong>QUALI SONO I REQUISITI MINIMI E CONSIGLIATI PER PC PER LA DEMO?<\/strong><br \/>\nConsulta la pagina dell' <u><a style=\"text-decoration: underline;\" href=\"https:\/\/store.epicgames.com\/en-US\/p\/blades-of-fire-demo-78b5d3\" target=\"_blank\" rel=\"noopener\">Epic Games Store page<\/a><\/u> and the <u><a style=\"text-decoration: underline;\" href=\"https:\/\/store.steampowered.com\/app\/2091020\/Blades_of_Fire\/\" target=\"_blank\" rel=\"noopener\">Steam Store page<\/a><\/u> per maggiori informazioni sui requisiti minimi e quelli consigliati per PC per la demo.<\/p>\n<p style=\"text-align: left;\"><strong>QUANTO SPAZIO DI ARCHIVIAZIONE \u00c8 NECESSARIO PER SCARICARE LA DEMO?<\/strong><br \/>\n&#8211; PS5: 26GB<br \/>\n&#8211; Xbox Series X|S: 30GB<\/p>\n<p style=\"text-align: left;\"><strong>POSSO TRASMETTERE O CONDIVIDERE I CONTENUTI DELLA DEMO DI BLADES OF FIRE?<\/strong><br \/>\nAssolutamente s\u00ec e ti incoraggiamo a farlo! Inviaci i link dei tuoi live streaming e faremo il possibile per dare un'occhiata. Se pubblichi contenuti sui social media relativi alla demo, ricorda di usare l'hashtag #ForgeYourLegend. <strong>#ForgeYourLegend<\/strong>.<\/p>\n<p style=\"text-align: left;\"><strong>DOVE POSSO CONDIVIDERE I MIEI FEEDBACK SULLA DEMO?<\/strong><br \/>\nSui nostri canali social ufficiali; seguici e facci sapere cosa ne pensi, non vediamo l'ora!<\/p>\n<p style=\"text-align: left;\">","protected":false},"excerpt":{"rendered":"<p>WELCOME TO THE BLADES OF FIRE DEMO. Here you will find everything you need to know before you embark on your journey! &nbsp; WHAT DOES THE DEMO INCLUDE? The Blades of Fire demo features the beginning of the game allowing you to forge your first weapons, experience the unique combat system, fight a big troll [&hellip;]<\/p>\n","protected":false},"author":2,"featured_media":0,"parent":0,"menu_order":0,"comment_status":"closed","ping_status":"closed","template":"demo-site.php","meta":{"_acf_changed":false,"footnotes":""},"class_list":["post-1577","page","type-page","status-publish","hentry"],"acf":[],"yoast_head":"<!-- This site is optimized with the Yoast SEO plugin v25.1 - https:\/\/yoast.com\/wordpress\/plugins\/seo\/ -->\n<title>- Blades Of Fire<\/title>\n<meta name=\"robots\" content=\"index, follow, max-snippet:-1, max-image-preview:large, max-video-preview:-1\" \/>\n<link rel=\"canonical\" href=\"https:\/\/bladesoffire.com\/it\/demo\/\" \/>\n<meta property=\"og:locale\" content=\"it_IT\" \/>\n<meta property=\"og:type\" content=\"article\" \/>\n<meta property=\"og:title\" content=\"- Blades Of Fire\" \/>\n<meta property=\"og:description\" content=\"WELCOME TO THE BLADES OF FIRE DEMO. Here you will find everything you need to know before you embark on your journey! &nbsp; WHAT DOES THE DEMO INCLUDE? The Blades of Fire demo features the beginning of the game allowing you to forge your first weapons, experience the unique combat system, fight a big troll [&hellip;]\" \/>\n<meta property=\"og:url\" content=\"https:\/\/bladesoffire.com\/it\/demo\/\" \/>\n<meta property=\"og:site_name\" content=\"Blades Of Fire\" \/>\n<meta property=\"article:modified_time\" content=\"2026-02-09T12:17:55+00:00\" \/>\n<meta property=\"og:image\" content=\"https:\/\/bladesoffire.com\/wp-content\/uploads\/2025\/02\/blog-banner.jpg\" \/>\n\t<meta property=\"og:image:width\" content=\"2560\" \/>\n\t<meta property=\"og:image:height\" content=\"1000\" \/>\n\t<meta property=\"og:image:type\" content=\"image\/jpeg\" \/>\n<meta name=\"twitter:card\" content=\"summary_large_image\" \/>\n<meta name=\"twitter:label1\" content=\"Tempo di lettura stimato\" \/>\n\t<meta name=\"twitter:data1\" content=\"2 minuti\" \/>\n<script type=\"application\/ld+json\" class=\"yoast-schema-graph\">{\"@context\":\"https:\/\/schema.org\",\"@graph\":[{\"@type\":\"WebPage\",\"@id\":\"https:\/\/bladesoffire.com\/demo\/\",\"url\":\"https:\/\/bladesoffire.com\/demo\/\",\"name\":\"- Blades Of Fire\",\"isPartOf\":{\"@id\":\"https:\/\/bladesoffire.com\/#website\"},\"datePublished\":\"2025-05-14T09:36:33+00:00\",\"dateModified\":\"2026-02-09T12:17:55+00:00\",\"inLanguage\":\"it-IT\",\"potentialAction\":[{\"@type\":\"ReadAction\",\"target\":[\"https:\/\/bladesoffire.com\/demo\/\"]}]},{\"@type\":\"WebSite\",\"@id\":\"https:\/\/bladesoffire.com\/#website\",\"url\":\"https:\/\/bladesoffire.com\/\",\"name\":\"Blades Of Fire\",\"description\":\"\",\"publisher\":{\"@id\":\"https:\/\/bladesoffire.com\/#organization\"},\"potentialAction\":[{\"@type\":\"SearchAction\",\"target\":{\"@type\":\"EntryPoint\",\"urlTemplate\":\"https:\/\/bladesoffire.com\/?s={search_term_string}\"},\"query-input\":{\"@type\":\"PropertyValueSpecification\",\"valueRequired\":true,\"valueName\":\"search_term_string\"}}],\"inLanguage\":\"it-IT\"},{\"@type\":\"Organization\",\"@id\":\"https:\/\/bladesoffire.com\/#organization\",\"name\":\"Blades Of Fire\",\"url\":\"https:\/\/bladesoffire.com\/\",\"logo\":{\"@type\":\"ImageObject\",\"inLanguage\":\"it-IT\",\"@id\":\"https:\/\/bladesoffire.com\/#\/schema\/logo\/image\/\",\"url\":\"https:\/\/bladesoffire.com\/wp-content\/uploads\/2025\/02\/BOFscreen.png\",\"contentUrl\":\"https:\/\/bladesoffire.com\/wp-content\/uploads\/2025\/02\/BOFscreen.png\",\"width\":512,\"height\":512,\"caption\":\"Blades Of Fire\"},\"image\":{\"@id\":\"https:\/\/bladesoffire.com\/#\/schema\/logo\/image\/\"}}]}<\/script>\n<!-- \/ Yoast SEO plugin. -->","yoast_head_json":{"title":"- Blades Of Fire","robots":{"index":"index","follow":"follow","max-snippet":"max-snippet:-1","max-image-preview":"max-image-preview:large","max-video-preview":"max-video-preview:-1"},"canonical":"https:\/\/bladesoffire.com\/it\/demo\/","og_locale":"it_IT","og_type":"article","og_title":"- Blades Of Fire","og_description":"WELCOME TO THE BLADES OF FIRE DEMO. Here you will find everything you need to know before you embark on your journey! &nbsp; WHAT DOES THE DEMO INCLUDE? The Blades of Fire demo features the beginning of the game allowing you to forge your first weapons, experience the unique combat system, fight a big troll [&hellip;]","og_url":"https:\/\/bladesoffire.com\/it\/demo\/","og_site_name":"Blades Of Fire","article_modified_time":"2026-02-09T12:17:55+00:00","og_image":[{"width":2560,"height":1000,"url":"https:\/\/bladesoffire.com\/wp-content\/uploads\/2025\/02\/blog-banner.jpg","type":"image\/jpeg"}],"twitter_card":"summary_large_image","twitter_misc":{"Tempo di lettura stimato":"2 minuti"},"schema":{"@context":"https:\/\/schema.org","@graph":[{"@type":"WebPage","@id":"https:\/\/bladesoffire.com\/demo\/","url":"https:\/\/bladesoffire.com\/demo\/","name":"- Blades Of Fire","isPartOf":{"@id":"https:\/\/bladesoffire.com\/#website"},"datePublished":"2025-05-14T09:36:33+00:00","dateModified":"2026-02-09T12:17:55+00:00","inLanguage":"it-IT","potentialAction":[{"@type":"ReadAction","target":["https:\/\/bladesoffire.com\/demo\/"]}]},{"@type":"WebSite","@id":"https:\/\/bladesoffire.com\/#website","url":"https:\/\/bladesoffire.com\/","name":"Blades Of Fire","description":"","publisher":{"@id":"https:\/\/bladesoffire.com\/#organization"},"potentialAction":[{"@type":"SearchAction","target":{"@type":"EntryPoint","urlTemplate":"https:\/\/bladesoffire.com\/?s={search_term_string}"},"query-input":{"@type":"PropertyValueSpecification","valueRequired":true,"valueName":"search_term_string"}}],"inLanguage":"it-IT"},{"@type":"Organization","@id":"https:\/\/bladesoffire.com\/#organization","name":"Blades Of Fire","url":"https:\/\/bladesoffire.com\/","logo":{"@type":"ImageObject","inLanguage":"it-IT","@id":"https:\/\/bladesoffire.com\/#\/schema\/logo\/image\/","url":"https:\/\/bladesoffire.com\/wp-content\/uploads\/2025\/02\/BOFscreen.png","contentUrl":"https:\/\/bladesoffire.com\/wp-content\/uploads\/2025\/02\/BOFscreen.png","width":512,"height":512,"caption":"Blades Of Fire"},"image":{"@id":"https:\/\/bladesoffire.com\/#\/schema\/logo\/image\/"}}]}},"_links":{"self":[{"href":"http:\/\/bladesoffire.com\/it\/wp-json\/wp\/v2\/pages\/1577","targetHints":{"allow":["GET"]}}],"collection":[{"href":"http:\/\/bladesoffire.com\/it\/wp-json\/wp\/v2\/pages"}],"about":[{"href":"http:\/\/bladesoffire.com\/it\/wp-json\/wp\/v2\/types\/page"}],"author":[{"embeddable":true,"href":"http:\/\/bladesoffire.com\/it\/wp-json\/wp\/v2\/users\/2"}],"replies":[{"embeddable":true,"href":"http:\/\/bladesoffire.com\/it\/wp-json\/wp\/v2\/comments?post=1577"}],"version-history":[{"count":23,"href":"http:\/\/bladesoffire.com\/it\/wp-json\/wp\/v2\/pages\/1577\/revisions"}],"predecessor-version":[{"id":1774,"href":"http:\/\/bladesoffire.com\/it\/wp-json\/wp\/v2\/pages\/1577\/revisions\/1774"}],"wp:attachment":[{"href":"http:\/\/bladesoffire.com\/it\/wp-json\/wp\/v2\/media?parent=1577"}],"curies":[{"name":"wp","href":"https:\/\/api.w.org\/{rel}","templated":true}]}}