{"id":1577,"date":"2025-05-14T09:36:33","date_gmt":"2025-05-14T09:36:33","guid":{"rendered":"https:\/\/clever-hodgkin.185-18-32-8.plesk.page\/?page_id=1577"},"modified":"2026-02-09T12:17:55","modified_gmt":"2026-02-09T12:17:55","slug":"demo","status":"publish","type":"page","link":"http:\/\/bladesoffire.com\/fr\/demo\/","title":{"rendered":""},"content":{"rendered":"<p style=\"text-align: center;\"><strong>BIENVENUE DANS LA D\u00c9MO DE BLADES OF FIRE<\/strong><br \/>\nVous trouverez ici toutes les informations essentielles avant de vous lancer dans l'aventure\u00a0!<\/p>\n<p>&nbsp;<\/p>\n<p style=\"text-align: left;\"><strong>QUE CONTIENT LA D\u00c9MO\u00a0?<\/strong><br \/>\nD\u00e9couvrez le d\u00e9but du jeu Blades of Fire dans cette d\u00e9mo\u00a0: forgez vos premi\u00e8res armes, plongez dans son syst\u00e8me de combat unique, affrontez un gigantesque troll et commencez \u00e0 percer les myst\u00e8res du voyage d'Aran.\n\nRappelez-vous\u00a0: cette d\u00e9mo ne fait qu'effleurer tout ce que Blades of Fire a \u00e0 offrir.\n\nL'aventure compl\u00e8te vous fera d\u00e9couvrir un monde incroyablement riche\u00a0!<\/p>\n<p style=\"text-align: left;\">Rappelez-vous : cette d\u00e9mo ne fait qu'effleurer tout ce que Blades of Fire a \u00e0 offrir.<\/p>\n<p style=\"text-align: left;\">L'aventure compl\u00e8te vous fera d\u00e9couvrir un monde incroyablement riche !<\/p>\n<p class=\"translation-block\"><strong>LA D\u00c9MO STEAM INCLUT-ELLE DES FONCTIONNALIT\u00c9S DE LA PROCHAINE MISE \u00c0 JOUR 2.0 ?<\/strong><br>\nOui, la d\u00e9mo Steam inclura les fonctionnalit\u00e9s 2.0 suivantes :<br>\n\u2013 Titane : nouveau niveau de difficult\u00e9 suppl\u00e9mentaire<br>\n\u2013 Transmutation : nouvelle option offrant davantage de libert\u00e9 dans la gestion de l\u2019\u00e9conomie des ressources du joueur<br>\n\u2013 Nouvelle cin\u00e9matique dans le prologue<br>\n\u2013 Am\u00e9liorations de l\u2019UX dans divers menus, comme la r\u00e9paration rapide, la transmutation\u2026<br>\n\u2013 Reconfiguration des touches pour le clavier et la souris<br>\n\u2013 Compatibilit\u00e9 Steam Deck<br>\n\u2013 Am\u00e9liorations suppl\u00e9mentaires et corrections de bugs<\/p>\n<p style=\"text-align: left;\"><strong>LA D\u00c9MO EST-ELLE REPR\u00c9SENTATIVE DE LA VERSION FINALE DU JEU\u00a0?<\/strong><br \/>\nOui, elle refl\u00e8te la version finale du jeu.<\/p>\n<p style=\"text-align: left;\"><strong>QUAND SERA-T-ELLE DISPONIBLE\u00a0?<\/strong><br \/>\nD\u00e8s aujourd'hui.<\/p>\n<p style=\"text-align: left;\"><strong>LA D\u00c9MO EST-ELLE GRATUITE\u00a0?<\/strong><br \/>\nOui.<\/p>\n<p style=\"text-align: left;\"><strong>FAUT-IL UN ABONNEMENT POUR Y JOUER\u00a0?<\/strong><br \/>\nNon. Sauf en Allemagne et au Japon, o\u00f9 les utilisateurs PlayStation devront \u00eatre abonn\u00e9s \u00e0 une offre PlayStation\u00aePlus (quelle que soit la formule tarifaire choisie) pour acheter ou t\u00e9l\u00e9charger la d\u00e9mo, ce qui impliquera un l\u00e9ger co\u00fbt.<\/p>\n<p style=\"text-align: left;\"><strong>SUR QUELLES PLATES-FORMES LA D\u00c9MO EST-ELLE DISPONIBLE\u00a0?<\/strong><br \/>\nSur Steam, Epic Games Store, PlayStation 5 et Xbox Series X|S.<\/p>\n<p style=\"text-align: left;\"><strong>MA PROGRESSION SERA-T-ELLE CONSERV\u00c9E DANS LE JEU COMPLET\u00a0?<\/strong><br \/>\nOUI. Votre progression pourra \u00eatre transf\u00e9r\u00e9e vers la version compl\u00e8te du jeu gr\u00e2ce \u00e0 votre fichier de sauvegarde. Encore mieux : tous les mat\u00e9riaux collect\u00e9s dans la d\u00e9mo seront conserv\u00e9s.<\/p>\n<p style=\"text-align: left;\"><strong>QUELLE EST LA DUR\u00c9E DE LA D\u00c9MO\u00a0?<\/strong><br \/>\nCela d\u00e9pend de votre style de jeu et de votre envie d'exploration. Certains joueurs la termineront en une heure, d'autres mettront trois heures ou plus.<\/p>\n<p style=\"text-align: left;\"><strong>EN QUELLES LANGUES LA D\u00c9MO EST-ELLE DISPONIBLE\u00a0?<\/strong><br \/>\nAudio : anglais.<br \/>\nTextes : anglais, fran\u00e7ais, italien, allemand, espagnol (Espagne), chinois (simplifi\u00e9 et traditionnel), japonais, cor\u00e9en, portugais (Br\u00e9sil), russe.<\/p>\n<p style=\"text-align: left;\"><strong>UNE CONNEXION INTERNET EST-ELLE REQUISE POUR JOUER \u00c0 LA D\u00c9MO\u00a0?<\/strong><br \/>\nNon. Une fois la d\u00e9mo de Blades of Fire t\u00e9l\u00e9charg\u00e9e, aucune connexion ne sera n\u00e9cessaire pour y jouer. Il en va de m\u00eame pour le jeu complet, qui sortira le 22 mai.<\/p>\n<p style=\"text-align: left;\"><strong>QUELLES SONT LES CONFIGURATIONS MINIMALES ET RECOMMAND\u00c9ES SUR PC POUR LA D\u00c9MO\u00a0?<\/strong><br \/>\nConsultez la page de Blades of Fire sur l' <u><a style=\"text-decoration: underline;\" href=\"https:\/\/store.epicgames.com\/en-US\/p\/blades-of-fire-demo-78b5d3\" target=\"_blank\" rel=\"noopener\">Epic Games Store page<\/a><\/u> and the <u><a style=\"text-decoration: underline;\" href=\"https:\/\/store.steampowered.com\/app\/2091020\/Blades_of_Fire\/\" target=\"_blank\" rel=\"noopener\">Steam Store page<\/a><\/u> pour plus d'informations sur les configurations minimales et recommand\u00e9es sur PC.<\/p>\n<p style=\"text-align: left;\"><strong>COMBIEN D'ESPACE DISQUE EST N\u00c9CESSAIRE POUR T\u00c9L\u00c9CHARGER LA D\u00c9MO\u00a0?<\/strong><br \/>\n&#8211; PS5: 26GB<br \/>\n&#8211; Xbox Series X|S: 30GB<\/p>\n<p style=\"text-align: left;\"><strong>PUIS-JE DIFFUSER OU PARTAGER DU CONTENU DE LA D\u00c9MO DE BLADES OF FIRE\u00a0?<\/strong><br \/>\nAbsolument ! Et nous vous encourageons \u00e0 le faire ! N'h\u00e9sitez pas \u00e0 nous envoyer vos liens de streams, et nous essaierons d'en visionner un maximum. Et si vous partagez des contenus sur les r\u00e9seaux sociaux en rapport avec la d\u00e9mo, n'oubliez pas d'ajouter le hashtag #ForgeYourLegend. <strong>#ForgeYourLegend<\/strong>.<\/p>\n<p style=\"text-align: left;\"><strong>O\u00d9 PUIS-JE LAISSER MON AVIS SUR LA D\u00c9MO\u00a0?<\/strong><br \/>\nSuivez-nous sur nos r\u00e9seaux sociaux officiels et dites-nous ce que vous en pensez ! Nous vous \u00e9couterons avec attention.<\/p>\n<p style=\"text-align: left;\">","protected":false},"excerpt":{"rendered":"<p>WELCOME TO THE BLADES OF FIRE DEMO. Here you will find everything you need to know before you embark on your journey! &nbsp; WHAT DOES THE DEMO INCLUDE? The Blades of Fire demo features the beginning of the game allowing you to forge your first weapons, experience the unique combat system, fight a big troll [&hellip;]<\/p>\n","protected":false},"author":2,"featured_media":0,"parent":0,"menu_order":0,"comment_status":"closed","ping_status":"closed","template":"demo-site.php","meta":{"_acf_changed":false,"footnotes":""},"class_list":["post-1577","page","type-page","status-publish","hentry"],"acf":[],"yoast_head":"<!-- This site is optimized with the Yoast SEO plugin v25.1 - https:\/\/yoast.com\/wordpress\/plugins\/seo\/ -->\n<title>- Blades Of Fire<\/title>\n<meta name=\"robots\" content=\"index, follow, max-snippet:-1, max-image-preview:large, max-video-preview:-1\" \/>\n<link rel=\"canonical\" href=\"https:\/\/bladesoffire.com\/fr\/demo\/\" \/>\n<meta property=\"og:locale\" content=\"fr_FR\" \/>\n<meta property=\"og:type\" content=\"article\" \/>\n<meta property=\"og:title\" content=\"- Blades Of Fire\" \/>\n<meta property=\"og:description\" content=\"WELCOME TO THE BLADES OF FIRE DEMO. Here you will find everything you need to know before you embark on your journey! &nbsp; WHAT DOES THE DEMO INCLUDE? The Blades of Fire demo features the beginning of the game allowing you to forge your first weapons, experience the unique combat system, fight a big troll [&hellip;]\" \/>\n<meta property=\"og:url\" content=\"https:\/\/bladesoffire.com\/fr\/demo\/\" \/>\n<meta property=\"og:site_name\" content=\"Blades Of Fire\" \/>\n<meta property=\"article:modified_time\" content=\"2026-02-09T12:17:55+00:00\" \/>\n<meta property=\"og:image\" content=\"https:\/\/bladesoffire.com\/wp-content\/uploads\/2025\/02\/blog-banner.jpg\" \/>\n\t<meta property=\"og:image:width\" content=\"2560\" \/>\n\t<meta property=\"og:image:height\" content=\"1000\" \/>\n\t<meta property=\"og:image:type\" content=\"image\/jpeg\" \/>\n<meta name=\"twitter:card\" content=\"summary_large_image\" \/>\n<meta name=\"twitter:label1\" content=\"Dur\u00e9e de lecture estim\u00e9e\" \/>\n\t<meta name=\"twitter:data1\" content=\"2 minutes\" \/>\n<script type=\"application\/ld+json\" class=\"yoast-schema-graph\">{\"@context\":\"https:\/\/schema.org\",\"@graph\":[{\"@type\":\"WebPage\",\"@id\":\"https:\/\/bladesoffire.com\/demo\/\",\"url\":\"https:\/\/bladesoffire.com\/demo\/\",\"name\":\"- Blades Of Fire\",\"isPartOf\":{\"@id\":\"https:\/\/bladesoffire.com\/#website\"},\"datePublished\":\"2025-05-14T09:36:33+00:00\",\"dateModified\":\"2026-02-09T12:17:55+00:00\",\"inLanguage\":\"fr-FR\",\"potentialAction\":[{\"@type\":\"ReadAction\",\"target\":[\"https:\/\/bladesoffire.com\/demo\/\"]}]},{\"@type\":\"WebSite\",\"@id\":\"https:\/\/bladesoffire.com\/#website\",\"url\":\"https:\/\/bladesoffire.com\/\",\"name\":\"Blades Of Fire\",\"description\":\"\",\"publisher\":{\"@id\":\"https:\/\/bladesoffire.com\/#organization\"},\"potentialAction\":[{\"@type\":\"SearchAction\",\"target\":{\"@type\":\"EntryPoint\",\"urlTemplate\":\"https:\/\/bladesoffire.com\/?s={search_term_string}\"},\"query-input\":{\"@type\":\"PropertyValueSpecification\",\"valueRequired\":true,\"valueName\":\"search_term_string\"}}],\"inLanguage\":\"fr-FR\"},{\"@type\":\"Organization\",\"@id\":\"https:\/\/bladesoffire.com\/#organization\",\"name\":\"Blades Of Fire\",\"url\":\"https:\/\/bladesoffire.com\/\",\"logo\":{\"@type\":\"ImageObject\",\"inLanguage\":\"fr-FR\",\"@id\":\"https:\/\/bladesoffire.com\/#\/schema\/logo\/image\/\",\"url\":\"https:\/\/bladesoffire.com\/wp-content\/uploads\/2025\/02\/BOFscreen.png\",\"contentUrl\":\"https:\/\/bladesoffire.com\/wp-content\/uploads\/2025\/02\/BOFscreen.png\",\"width\":512,\"height\":512,\"caption\":\"Blades Of Fire\"},\"image\":{\"@id\":\"https:\/\/bladesoffire.com\/#\/schema\/logo\/image\/\"}}]}<\/script>\n<!-- \/ Yoast SEO plugin. -->","yoast_head_json":{"title":"- Blades Of Fire","robots":{"index":"index","follow":"follow","max-snippet":"max-snippet:-1","max-image-preview":"max-image-preview:large","max-video-preview":"max-video-preview:-1"},"canonical":"https:\/\/bladesoffire.com\/fr\/demo\/","og_locale":"fr_FR","og_type":"article","og_title":"- Blades Of Fire","og_description":"WELCOME TO THE BLADES OF FIRE DEMO. Here you will find everything you need to know before you embark on your journey! &nbsp; WHAT DOES THE DEMO INCLUDE? The Blades of Fire demo features the beginning of the game allowing you to forge your first weapons, experience the unique combat system, fight a big troll [&hellip;]","og_url":"https:\/\/bladesoffire.com\/fr\/demo\/","og_site_name":"Blades Of Fire","article_modified_time":"2026-02-09T12:17:55+00:00","og_image":[{"width":2560,"height":1000,"url":"https:\/\/bladesoffire.com\/wp-content\/uploads\/2025\/02\/blog-banner.jpg","type":"image\/jpeg"}],"twitter_card":"summary_large_image","twitter_misc":{"Dur\u00e9e de lecture estim\u00e9e":"2 minutes"},"schema":{"@context":"https:\/\/schema.org","@graph":[{"@type":"WebPage","@id":"https:\/\/bladesoffire.com\/demo\/","url":"https:\/\/bladesoffire.com\/demo\/","name":"- Blades Of Fire","isPartOf":{"@id":"https:\/\/bladesoffire.com\/#website"},"datePublished":"2025-05-14T09:36:33+00:00","dateModified":"2026-02-09T12:17:55+00:00","inLanguage":"fr-FR","potentialAction":[{"@type":"ReadAction","target":["https:\/\/bladesoffire.com\/demo\/"]}]},{"@type":"WebSite","@id":"https:\/\/bladesoffire.com\/#website","url":"https:\/\/bladesoffire.com\/","name":"Blades Of Fire","description":"","publisher":{"@id":"https:\/\/bladesoffire.com\/#organization"},"potentialAction":[{"@type":"SearchAction","target":{"@type":"EntryPoint","urlTemplate":"https:\/\/bladesoffire.com\/?s={search_term_string}"},"query-input":{"@type":"PropertyValueSpecification","valueRequired":true,"valueName":"search_term_string"}}],"inLanguage":"fr-FR"},{"@type":"Organization","@id":"https:\/\/bladesoffire.com\/#organization","name":"Blades Of Fire","url":"https:\/\/bladesoffire.com\/","logo":{"@type":"ImageObject","inLanguage":"fr-FR","@id":"https:\/\/bladesoffire.com\/#\/schema\/logo\/image\/","url":"https:\/\/bladesoffire.com\/wp-content\/uploads\/2025\/02\/BOFscreen.png","contentUrl":"https:\/\/bladesoffire.com\/wp-content\/uploads\/2025\/02\/BOFscreen.png","width":512,"height":512,"caption":"Blades Of Fire"},"image":{"@id":"https:\/\/bladesoffire.com\/#\/schema\/logo\/image\/"}}]}},"_links":{"self":[{"href":"http:\/\/bladesoffire.com\/fr\/wp-json\/wp\/v2\/pages\/1577","targetHints":{"allow":["GET"]}}],"collection":[{"href":"http:\/\/bladesoffire.com\/fr\/wp-json\/wp\/v2\/pages"}],"about":[{"href":"http:\/\/bladesoffire.com\/fr\/wp-json\/wp\/v2\/types\/page"}],"author":[{"embeddable":true,"href":"http:\/\/bladesoffire.com\/fr\/wp-json\/wp\/v2\/users\/2"}],"replies":[{"embeddable":true,"href":"http:\/\/bladesoffire.com\/fr\/wp-json\/wp\/v2\/comments?post=1577"}],"version-history":[{"count":23,"href":"http:\/\/bladesoffire.com\/fr\/wp-json\/wp\/v2\/pages\/1577\/revisions"}],"predecessor-version":[{"id":1774,"href":"http:\/\/bladesoffire.com\/fr\/wp-json\/wp\/v2\/pages\/1577\/revisions\/1774"}],"wp:attachment":[{"href":"http:\/\/bladesoffire.com\/fr\/wp-json\/wp\/v2\/media?parent=1577"}],"curies":[{"name":"wp","href":"https:\/\/api.w.org\/{rel}","templated":true}]}}